{"id":346,"date":"2025-06-02T12:53:10","date_gmt":"2025-06-02T12:53:10","guid":{"rendered":"https:\/\/denfranskeassistance.fr\/?page_id=346"},"modified":"2025-09-25T16:00:30","modified_gmt":"2025-09-25T16:00:30","slug":"om-os","status":"publish","type":"page","link":"https:\/\/denfranskeassistance.fr\/?page_id=346","title":{"rendered":"Om os"},"content":{"rendered":"\n<p>Bag <strong>Den Franske Assistance<\/strong> st\u00e5r Birgitte R\u00f8mer S\u00f8rensen, en dansker med mere end 20 \u00e5rs erfaring fra livet i Sydfrankrig og et solidt kendskab til b\u00e5de praktiske og kulturelle forhold i det franske samfund.<\/p>\n\n\n\n<p>Siden 2010 har jeg hjulpet danskere og skandinaver med store og sm\u00e5 udfordringer i forbindelse med at eje eller etablere bolig i Frankrig \u2013 ikke mindst n\u00e5r sproget er en barriere.<\/p>\n\n\n\n<p><strong>Kort om mig:<\/strong><\/p>\n\n\n\n<ul class=\"wp-block-list\">\n<li>Over 20 \u00e5rs erfaring med at bo og arbejde i Frankrig<\/li>\n\n\n\n<li>Bosat i Danmark siden 2018, men med l\u00f8bende tilknytning til Frankrig<\/li>\n\n\n\n<li>Indg\u00e5ende kendskab til franske myndigheder, offentlige systemer og lokale serviceydelser<\/li>\n\n\n\n<li>Erfaring med at hj\u00e6lpe danskere med praktiske og sproglige udfordringer<\/li>\n\n\n\n<li>Uddannet civil\u00f8konom med baggrund i bank og finans \u2013 et st\u00e6rkt fundament for forst\u00e5else af franske administrative og \u00f8konomiske forhold<\/li>\n<\/ul>\n\n\n\n<p><\/p>\n\n\n\n<p>Hos Den Franske Assistance f\u00e5r du ikke blot sproglig hj\u00e6lp \u2013 du f\u00e5r ogs\u00e5 praktisk r\u00e5dgivning baseret p\u00e5 personlig erfaring og faglig indsigt.<\/p>\n\n\n","protected":false},"excerpt":{"rendered":"<p>Bag Den Franske Assistance st\u00e5r Birgitte R\u00f8mer S\u00f8rensen, en dansker med mere end 20 \u00e5rs erfaring fra livet i Sydfrankrig og et solidt kendskab til b\u00e5de praktiske og kulturelle forhold &#8230;<\/p>\n","protected":false},"author":1,"featured_media":680,"parent":0,"menu_order":0,"comment_status":"closed","ping_status":"closed","template":"","meta":{"saved_in_kubio":true,"footnotes":""},"class_list":["post-346","page","type-page","status-publish","has-post-thumbnail","hentry"],"kubio_ai_page_context":{"short_desc":"","purpose":"general"},"_links":{"self":[{"href":"https:\/\/denfranskeassistance.fr\/index.php?rest_route=\/wp\/v2\/pages\/346","targetHints":{"allow":["GET"]}}],"collection":[{"href":"https:\/\/denfranskeassistance.fr\/index.php?rest_route=\/wp\/v2\/pages"}],"about":[{"href":"https:\/\/denfranskeassistance.fr\/index.php?rest_route=\/wp\/v2\/types\/page"}],"author":[{"embeddable":true,"href":"https:\/\/denfranskeassistance.fr\/index.php?rest_route=\/wp\/v2\/users\/1"}],"replies":[{"embeddable":true,"href":"https:\/\/denfranskeassistance.fr\/index.php?rest_route=%2Fwp%2Fv2%2Fcomments&post=346"}],"version-history":[{"count":8,"href":"https:\/\/denfranskeassistance.fr\/index.php?rest_route=\/wp\/v2\/pages\/346\/revisions"}],"predecessor-version":[{"id":638,"href":"https:\/\/denfranskeassistance.fr\/index.php?rest_route=\/wp\/v2\/pages\/346\/revisions\/638"}],"wp:featuredmedia":[{"embeddable":true,"href":"https:\/\/denfranskeassistance.fr\/index.php?rest_route=\/wp\/v2\/media\/680"}],"wp:attachment":[{"href":"https:\/\/denfranskeassistance.fr\/index.php?rest_route=%2Fwp%2Fv2%2Fmedia&parent=346"}],"curies":[{"name":"wp","href":"https:\/\/api.w.org\/{rel}","templated":true}]}}